{"id":215,"date":"2024-06-11T13:55:14","date_gmt":"2024-06-11T11:55:14","guid":{"rendered":"https:\/\/walemo.de\/?page_id=215"},"modified":"2025-11-12T13:43:10","modified_gmt":"2025-11-12T12:43:10","slug":"forschungsschwerpunkte","status":"publish","type":"page","link":"https:\/\/walemo.de\/?page_id=215","title":{"rendered":"Forschungsschwerpunkte"},"content":{"rendered":"\t\t<div data-elementor-type=\"wp-page\" data-elementor-id=\"215\" class=\"elementor elementor-215\" data-elementor-post-type=\"page\">\n\t\t\t\t<div class=\"elementor-element elementor-element-41534334 e-con-full e-flex e-con e-parent\" data-id=\"41534334\" data-element_type=\"container\" data-settings=\"{&quot;background_background&quot;:&quot;classic&quot;}\">\n\t\t<div class=\"elementor-element elementor-element-2b6b3a1f e-con-full e-flex e-con e-child\" data-id=\"2b6b3a1f\" data-element_type=\"container\">\n\t\t\t\t<div class=\"elementor-element elementor-element-1c47b13 elementor-arrows-position-inside elementor-pagination-position-outside elementor-widget elementor-widget-image-carousel\" data-id=\"1c47b13\" data-element_type=\"widget\" data-settings=\"{&quot;slides_to_show&quot;:&quot;1&quot;,&quot;navigation&quot;:&quot;both&quot;,&quot;autoplay&quot;:&quot;yes&quot;,&quot;pause_on_hover&quot;:&quot;yes&quot;,&quot;pause_on_interaction&quot;:&quot;yes&quot;,&quot;autoplay_speed&quot;:5000,&quot;infinite&quot;:&quot;yes&quot;,&quot;effect&quot;:&quot;slide&quot;,&quot;speed&quot;:500}\" data-widget_type=\"image-carousel.default\">\n\t\t\t\t<div class=\"elementor-widget-container\">\n\t\t\t<style>\/*! elementor - v3.21.0 - 26-05-2024 *\/\n.elementor-widget-image-carousel .swiper,.elementor-widget-image-carousel .swiper-container{position:static}.elementor-widget-image-carousel .swiper-container .swiper-slide figure,.elementor-widget-image-carousel .swiper .swiper-slide figure{line-height:inherit}.elementor-widget-image-carousel .swiper-slide{text-align:center}.elementor-image-carousel-wrapper:not(.swiper-container-initialized):not(.swiper-initialized) .swiper-slide{max-width:calc(100% \/ var(--e-image-carousel-slides-to-show, 3))}<\/style>\t\t<div class=\"elementor-image-carousel-wrapper swiper\" dir=\"ltr\">\n\t\t\t<div class=\"elementor-image-carousel swiper-wrapper\" aria-live=\"off\">\n\t\t\t\t\t\t\t\t<div class=\"swiper-slide\" role=\"group\" aria-roledescription=\"slide\" aria-label=\"1 von 1\"><figure class=\"swiper-slide-inner\"><img decoding=\"async\" class=\"swiper-slide-image\" src=\"https:\/\/walemo.de\/wp-content\/uploads\/2024\/06\/EasyMile-EZ10-rural-area-21.jpg\" alt=\"EasyMile EZ10 rural area 21\" \/><\/figure><\/div>\t\t\t<\/div>\n\t\t\t\t\t<\/div>\n\t\t\t\t<\/div>\n\t\t\t\t<\/div>\n\t\t\t\t<\/div>\n\t\t<div class=\"elementor-element elementor-element-5c1c5bda e-con-full e-flex e-con e-child\" data-id=\"5c1c5bda\" data-element_type=\"container\">\n\t\t\t\t<div class=\"elementor-element elementor-element-556d45c7 elementor-widget elementor-widget-heading\" data-id=\"556d45c7\" data-element_type=\"widget\" data-widget_type=\"heading.default\">\n\t\t\t\t<div class=\"elementor-widget-container\">\n\t\t\t<style>\/*! elementor - v3.21.0 - 26-05-2024 *\/\n.elementor-heading-title{padding:0;margin:0;line-height:1}.elementor-widget-heading .elementor-heading-title[class*=elementor-size-]>a{color:inherit;font-size:inherit;line-height:inherit}.elementor-widget-heading .elementor-heading-title.elementor-size-small{font-size:15px}.elementor-widget-heading .elementor-heading-title.elementor-size-medium{font-size:19px}.elementor-widget-heading .elementor-heading-title.elementor-size-large{font-size:29px}.elementor-widget-heading .elementor-heading-title.elementor-size-xl{font-size:39px}.elementor-widget-heading .elementor-heading-title.elementor-size-xxl{font-size:59px}<\/style><h1 class=\"elementor-heading-title elementor-size-default\">WALEMO Vision<\/h1>\t\t<\/div>\n\t\t\t\t<\/div>\n\t\t\t\t<div class=\"elementor-element elementor-element-741e87d elementor-widget elementor-widget-text-editor\" data-id=\"741e87d\" data-element_type=\"widget\" data-widget_type=\"text-editor.default\">\n\t\t\t\t<div class=\"elementor-widget-container\">\n\t\t\t<style>\/*! elementor - v3.21.0 - 26-05-2024 *\/\n.elementor-widget-text-editor.elementor-drop-cap-view-stacked .elementor-drop-cap{background-color:#69727d;color:#fff}.elementor-widget-text-editor.elementor-drop-cap-view-framed .elementor-drop-cap{color:#69727d;border:3px solid;background-color:transparent}.elementor-widget-text-editor:not(.elementor-drop-cap-view-default) .elementor-drop-cap{margin-top:8px}.elementor-widget-text-editor:not(.elementor-drop-cap-view-default) .elementor-drop-cap-letter{width:1em;height:1em}.elementor-widget-text-editor .elementor-drop-cap{float:left;text-align:center;line-height:1;font-size:50px}.elementor-widget-text-editor .elementor-drop-cap-letter{display:inline-block}<\/style>\t\t\t\t<p>Autonomes Fahren im l\u00e4ndlichen Raum? Keine Fiktion, bald wird es Realit\u00e4t! Wir widmen uns der Entwicklung fortschrittlicher Technologien, welche die Reife und den Einsatz autonomer Fahrzeuge im l\u00e4ndlichen Raum vorantreiben. In einem global vernetzten Kommunikationsnetzwerk m\u00f6chten wir den privaten Individualverkehr entlasten und die Mobilit\u00e4t zwischen Wohnorten, Arbeitspl\u00e4tzen, Bildungseinrichtungen und medizinischer Versorgung nachhaltig verbessern.<\/p><p>Durch innovative, flexible Mobilit\u00e4tskonzepte, erg\u00e4nzt durch digitale L\u00f6sungen und regenerative Energien, werden wir den \u00f6ffentlichen Personennahverkehr neu gestalten und transformieren. Unser Ziel ist es, eine nachhaltige Mobilit\u00e4t zu schaffen, die den spezifischen Bed\u00fcrfnissen der l\u00e4ndlichen Bev\u00f6lkerung gerecht wird und das Potenzial der autonomen Technologien voll aussch\u00f6pft.<\/p>\t\t\t\t\t\t<\/div>\n\t\t\t\t<\/div>\n\t\t\t\t<\/div>\n\t\t\t\t<\/div>\n\t\t<div class=\"elementor-element elementor-element-60d1775 e-con-full e-flex e-con e-parent\" data-id=\"60d1775\" data-element_type=\"container\" data-settings=\"{&quot;background_background&quot;:&quot;classic&quot;}\">\n\t\t<div class=\"elementor-element elementor-element-ca4ed22 e-con-full e-flex e-con e-child\" data-id=\"ca4ed22\" data-element_type=\"container\">\n\t\t\t\t<div class=\"elementor-element elementor-element-62d9524 elementor-widget elementor-widget-heading\" data-id=\"62d9524\" data-element_type=\"widget\" data-widget_type=\"heading.default\">\n\t\t\t\t<div class=\"elementor-widget-container\">\n\t\t\t<h1 class=\"elementor-heading-title elementor-size-default\">WALEMObase<\/h1>\t\t<\/div>\n\t\t\t\t<\/div>\n\t\t\t\t<div class=\"elementor-element elementor-element-6acc278 elementor-widget elementor-widget-text-editor\" data-id=\"6acc278\" data-element_type=\"widget\" data-widget_type=\"text-editor.default\">\n\t\t\t\t<div class=\"elementor-widget-container\">\n\t\t\t\t\t\t\t<p><span style=\"font-family: var( --e-global-typography-f0c02a1-font-family ), Sans-serif; font-size: var( --e-global-typography-f0c02a1-font-size ); font-style: var( --e-global-typography-f0c02a1-font-style ); font-weight: var( --e-global-typography-f0c02a1-font-weight ); letter-spacing: var( --e-global-typography-f0c02a1-letter-spacing ); text-transform: var( --e-global-typography-f0c02a1-text-transform ); word-spacing: var( --e-global-typography-f0c02a1-word-spacing ); text-align: var(--text-align);\">Die Initiative WALEMO startet mit dem Forschungsprojekt WALEMObase, dass die Grundlagen f\u00fcr den wasserstoffbetriebenen, automatisierten \u00d6PNV im l\u00e4ndlichen Raum legt. Dabei stehen folgende Themen im Fokus:<\/span><\/p><ul class=\"list-highlight\"><li>Integration des kombinierten Wasserstoff-Batterie-Hybridsystems (wasserstoffbasierten Verbrennungsmotor-Generator oder einer Brennstoffzelle mit Batterie) in ein kompaktes automatisiertes Shuttle-Fahrzeug<\/li><li>Langstreckentaugliche Energie- und W\u00e4rmeenergiebereitstellung f\u00fcr einen komfortablen, sicheren und nachhaltigen Betrieb der H2-basierten Fahrzeuge inklusive der Algorithmen f\u00fcr Betriebs- und Fahrstrategien<\/li><li>Generierung von realen sowie virtuellen Daten und Szenarien f\u00fcr den hochautomatisierten Betrieb spezifisch f\u00fcr den bisher vernachl\u00e4ssigten l\u00e4ndlichen Raum als Basis f\u00fcr Forschung, Entwicklung und Absicherung von Fahrfunktionen (OpenData-Ansatz)<\/li><li>Erforschung und Entwicklung neuer Fahrfunktionen und Algorithmen zur Beherrschung spezifischer Herausforderungen im l\u00e4ndlichen Raum (reduzierte Infrastruktur, wechselnde Umgebungssituationen, Mangel an Stra\u00dfenmarkierungen etc.)<\/li><li>Optimierung des Sensorkonzepts zur Umfelderfassung speziell im l\u00e4ndlichen Raum<\/li><li>\u00c4sthetische und gesch\u00fctzte Sensorintegration in robuste, leichte und umweltfreundliche Karosseriestrukturen<\/li><\/ul><div>\u00a0<\/div><div>\u00a0<\/div>\t\t\t\t\t\t<\/div>\n\t\t\t\t<\/div>\n\t\t\t\t<\/div>\n\t\t<div class=\"elementor-element elementor-element-575b4b3 e-con-full e-flex e-con e-child\" data-id=\"575b4b3\" data-element_type=\"container\">\n\t\t\t\t<div class=\"elementor-element elementor-element-8eaaaf7 elementor-arrows-position-inside elementor-pagination-position-outside elementor-widget elementor-widget-image-carousel\" data-id=\"8eaaaf7\" data-element_type=\"widget\" data-settings=\"{&quot;slides_to_show&quot;:&quot;1&quot;,&quot;navigation&quot;:&quot;both&quot;,&quot;autoplay&quot;:&quot;yes&quot;,&quot;pause_on_hover&quot;:&quot;yes&quot;,&quot;pause_on_interaction&quot;:&quot;yes&quot;,&quot;autoplay_speed&quot;:5000,&quot;infinite&quot;:&quot;yes&quot;,&quot;effect&quot;:&quot;slide&quot;,&quot;speed&quot;:500}\" data-widget_type=\"image-carousel.default\">\n\t\t\t\t<div class=\"elementor-widget-container\">\n\t\t\t\t\t<div class=\"elementor-image-carousel-wrapper swiper\" dir=\"ltr\">\n\t\t\t<div class=\"elementor-image-carousel swiper-wrapper\" aria-live=\"off\">\n\t\t\t\t\t\t\t\t<div class=\"swiper-slide\" role=\"group\" aria-roledescription=\"slide\" aria-label=\"1 von 1\"><figure class=\"swiper-slide-inner\"><img decoding=\"async\" class=\"swiper-slide-image\" src=\"https:\/\/walemo.de\/wp-content\/uploads\/2024\/09\/IMG_3468.JPGc_-1024x1003.jpg\" alt=\"IMG_3468.JPGc\" \/><\/figure><\/div>\t\t\t<\/div>\n\t\t\t\t\t<\/div>\n\t\t\t\t<\/div>\n\t\t\t\t<\/div>\n\t\t\t\t<\/div>\n\t\t\t\t<\/div>\n\t\t<div class=\"elementor-element elementor-element-64161baa e-con-full e-flex e-con e-parent\" data-id=\"64161baa\" data-element_type=\"container\" data-settings=\"{&quot;background_background&quot;:&quot;classic&quot;}\">\n\t\t<div class=\"elementor-element elementor-element-2cc05583 e-con-full e-flex e-con e-child\" data-id=\"2cc05583\" data-element_type=\"container\">\n\t\t\t\t<div class=\"elementor-element elementor-element-5d7e1e4a elementor-hidden-mobile elementor-widget elementor-widget-image\" data-id=\"5d7e1e4a\" data-element_type=\"widget\" data-widget_type=\"image.default\">\n\t\t\t\t<div class=\"elementor-widget-container\">\n\t\t\t<style>\/*! elementor - v3.21.0 - 26-05-2024 *\/\n.elementor-widget-image{text-align:center}.elementor-widget-image a{display:inline-block}.elementor-widget-image a img[src$=\".svg\"]{width:48px}.elementor-widget-image img{vertical-align:middle;display:inline-block}<\/style>\t\t\t\t\t\t\t\t\t\t<img fetchpriority=\"high\" decoding=\"async\" width=\"355\" height=\"355\" src=\"https:\/\/walemo.de\/wp-content\/uploads\/2024\/06\/ICON-WA1.png\" class=\"attachment-large size-large wp-image-290\" alt=\"\" srcset=\"https:\/\/walemo.de\/wp-content\/uploads\/2024\/06\/ICON-WA1.png 355w, https:\/\/walemo.de\/wp-content\/uploads\/2024\/06\/ICON-WA1-300x300.png 300w, https:\/\/walemo.de\/wp-content\/uploads\/2024\/06\/ICON-WA1-150x150.png 150w\" sizes=\"(max-width: 355px) 100vw, 355px\" \/>\t\t\t\t\t\t\t\t\t\t\t\t\t<\/div>\n\t\t\t\t<\/div>\n\t\t\t\t<\/div>\n\t\t<div class=\"elementor-element elementor-element-5dc63171 e-con-full e-flex e-con e-child\" data-id=\"5dc63171\" data-element_type=\"container\">\n\t\t\t\t<div class=\"elementor-element elementor-element-26078389 elementor-widget elementor-widget-heading\" data-id=\"26078389\" data-element_type=\"widget\" data-widget_type=\"heading.default\">\n\t\t\t\t<div class=\"elementor-widget-container\">\n\t\t\t<h2 class=\"elementor-heading-title elementor-size-default\">Wasserstoff<\/h2>\t\t<\/div>\n\t\t\t\t<\/div>\n\t\t\t\t<div class=\"elementor-element elementor-element-73e02dc1 elementor-widget elementor-widget-text-editor\" data-id=\"73e02dc1\" data-element_type=\"widget\" data-widget_type=\"text-editor.default\">\n\t\t\t\t<div class=\"elementor-widget-container\">\n\t\t\t\t\t\t\t<p>Wasserstoff kann als Energiespeicher auf verschiedene Weise genutzt werden. Im Leistungsbereich des Brennstoffzellensystems versorgt es das WALEMO-Fahrzeug w\u00e4hrend des Streckenbetriebs mit der ben\u00f6tigten Energie. Technisch ist der Systemaufbau bereits gel\u00f6st, jedoch muss die bedarfsgerechte Auslegung hinsichtlich Leistungsf\u00e4higkeit und Effizienz f\u00fcr den spezifischen Anwendungsfall \u00fcberpr\u00fcft werden. In der breiten Anwendung bleiben jedoch die hohen Anschaffungskosten ein erhebliches Hindernis.<\/p><p>Ein weiterer Ansatz zur Nutzung von Wasserstoff ist die Herstellung von regenerativem Methanol, das im Rahmen eines dedizierten Hybridantriebs verwendet wird. Der hocheffiziente Hybridantrieb erm\u00f6glicht eine schnelle \u00dcbernahme in die breite Anwendung.\u00a0<a href=\"https:\/\/walemo.de\/wp-content\/uploads\/2025\/05\/Warum-eMethanol.pdf\" target=\"_blank\" rel=\"noopener\"><i><u><b>eMethanol<\/b><\/u><\/i><\/a>, das aus regenerativem Wasserstoff und einem C-Atom (biogen oder DAC) hergestellt wird, erlaubt es dem konventionellen Motor, in eine fossilfreie Zukunft \u00fcberzugehen. Im Projekt wird sowohl die Effizienz dieses Antriebs als auch seine Integration in das WALEMO-Fahrzeug untersucht.<\/p>\t\t\t\t\t\t<\/div>\n\t\t\t\t<\/div>\n\t\t\t\t<\/div>\n\t\t\t\t<\/div>\n\t\t<div class=\"elementor-element elementor-element-5112a7b7 e-con-full e-flex e-con e-parent\" data-id=\"5112a7b7\" data-element_type=\"container\" data-settings=\"{&quot;background_background&quot;:&quot;classic&quot;}\">\n\t\t<div class=\"elementor-element elementor-element-7180a503 e-con-full e-flex e-con e-child\" data-id=\"7180a503\" data-element_type=\"container\">\n\t\t\t\t<div class=\"elementor-element elementor-element-29aa9668 elementor-widget elementor-widget-heading\" data-id=\"29aa9668\" data-element_type=\"widget\" data-widget_type=\"heading.default\">\n\t\t\t\t<div class=\"elementor-widget-container\">\n\t\t\t<h2 class=\"elementor-heading-title elementor-size-default\">Leichtbau<\/h2>\t\t<\/div>\n\t\t\t\t<\/div>\n\t\t\t\t<div class=\"elementor-element elementor-element-664dab26 elementor-widget elementor-widget-text-editor\" data-id=\"664dab26\" data-element_type=\"widget\" data-widget_type=\"text-editor.default\">\n\t\t\t\t<div class=\"elementor-widget-container\">\n\t\t\t\t\t\t\t<p>Im Rahmen des WALEMObase-Projekts arbeiten wir an der Erprobung wirtschaftlicher und leichtbaugerechter Bauweisen. <\/p><p>Ein zentraler Aspekt dabei ist die Entwicklung neuer Fertigungsmethoden und Montageans\u00e4tze durch die Integration von Funktionen in geeignete Leichtbautechnologien. <\/p><p>Ein weiterer wichtiger Schwerpunkt liegt auf der Sensorintegration im und am autonomen Shuttle. Die Datenaufnahme erfolgt mittels 3D-Scan, gefolgt von einem Abgleich der Daten im CAD-Modell, um eventuelle Abweichungen zu identifizieren. Die konstruktive Umsetzung der Anforderungen wird durch den Einsatz von 3D-Druckverfahren in verschiedenen Materialien realisiert. Abschlie\u00dfend leiten wir die gewonnenen Ergebnisse vom autonomen Test-Shuttle auf eine universelle Ebene ab, um deren Anwendung in unterschiedlichen Bereichen zu erm\u00f6glichen.<\/p>\t\t\t\t\t\t<\/div>\n\t\t\t\t<\/div>\n\t\t\t\t<\/div>\n\t\t<div class=\"elementor-element elementor-element-61743934 e-con-full e-flex e-con e-child\" data-id=\"61743934\" data-element_type=\"container\">\n\t\t\t\t<div class=\"elementor-element elementor-element-56cdc499 elementor-hidden-mobile elementor-widget elementor-widget-image\" data-id=\"56cdc499\" data-element_type=\"widget\" data-widget_type=\"image.default\">\n\t\t\t\t<div class=\"elementor-widget-container\">\n\t\t\t\t\t\t\t\t\t\t\t\t\t<img decoding=\"async\" width=\"355\" height=\"355\" src=\"https:\/\/walemo.de\/wp-content\/uploads\/2024\/06\/LE2.png\" class=\"attachment-large size-large wp-image-291\" alt=\"\" srcset=\"https:\/\/walemo.de\/wp-content\/uploads\/2024\/06\/LE2.png 355w, https:\/\/walemo.de\/wp-content\/uploads\/2024\/06\/LE2-300x300.png 300w, https:\/\/walemo.de\/wp-content\/uploads\/2024\/06\/LE2-150x150.png 150w\" sizes=\"(max-width: 355px) 100vw, 355px\" \/>\t\t\t\t\t\t\t\t\t\t\t\t\t<\/div>\n\t\t\t\t<\/div>\n\t\t\t\t<\/div>\n\t\t\t\t<\/div>\n\t\t<div class=\"elementor-element elementor-element-232cbe9 e-con-full e-flex e-con e-parent\" data-id=\"232cbe9\" data-element_type=\"container\" data-settings=\"{&quot;background_background&quot;:&quot;classic&quot;}\">\n\t\t<div class=\"elementor-element elementor-element-44815166 e-con-full e-flex e-con e-child\" data-id=\"44815166\" data-element_type=\"container\">\n\t\t\t\t<div class=\"elementor-element elementor-element-53bebed0 elementor-hidden-mobile elementor-widget elementor-widget-image\" data-id=\"53bebed0\" data-element_type=\"widget\" data-widget_type=\"image.default\">\n\t\t\t\t<div class=\"elementor-widget-container\">\n\t\t\t\t\t\t\t\t\t\t\t\t\t<img decoding=\"async\" width=\"355\" height=\"355\" src=\"https:\/\/walemo.de\/wp-content\/uploads\/2024\/06\/ICON-MO3.png\" class=\"attachment-large size-large wp-image-289\" alt=\"\" srcset=\"https:\/\/walemo.de\/wp-content\/uploads\/2024\/06\/ICON-MO3.png 355w, https:\/\/walemo.de\/wp-content\/uploads\/2024\/06\/ICON-MO3-300x300.png 300w, https:\/\/walemo.de\/wp-content\/uploads\/2024\/06\/ICON-MO3-150x150.png 150w\" sizes=\"(max-width: 355px) 100vw, 355px\" \/>\t\t\t\t\t\t\t\t\t\t\t\t\t<\/div>\n\t\t\t\t<\/div>\n\t\t\t\t<\/div>\n\t\t<div class=\"elementor-element elementor-element-4cc4662e e-con-full e-flex e-con e-child\" data-id=\"4cc4662e\" data-element_type=\"container\">\n\t\t\t\t<div class=\"elementor-element elementor-element-70a0ca4a elementor-widget elementor-widget-heading\" data-id=\"70a0ca4a\" data-element_type=\"widget\" data-widget_type=\"heading.default\">\n\t\t\t\t<div class=\"elementor-widget-container\">\n\t\t\t<h2 class=\"elementor-heading-title elementor-size-default\">Autonome Mobilit\u00e4t<\/h2>\t\t<\/div>\n\t\t\t\t<\/div>\n\t\t\t\t<div class=\"elementor-element elementor-element-298b80e5 elementor-widget elementor-widget-text-editor\" data-id=\"298b80e5\" data-element_type=\"widget\" data-widget_type=\"text-editor.default\">\n\t\t\t\t<div class=\"elementor-widget-container\">\n\t\t\t\t\t\t\t<p>Der l\u00e4ndliche Raum stellt besondere Herausforderungen f\u00fcr automatisierte Fahrzeuge dar, wie enge, teils unbefestigte Stra\u00dfen, Begegnungsverkehr, Wildwechsel und der Einfluss der Vegetation auf den Satellitenempfang. Um diesen Herausforderungen zu begegnen, entwickelt die Professur f\u00fcr Fahrzeugmechatronik im Projekt WALEMObase ein spezialisiertes\u00a0<a style=\"background-color: #ffffff;\" href=\"https:\/\/walemo.de\/wp-content\/uploads\/2025\/05\/Sensorkonzept.pdf\"><b><u><i>Sensorkonzept<\/i><\/u><\/b><\/a>\u00a0f\u00fcr automatisierte Kleinbusse. Dieses Konzept wird in Zusammenarbeit mit unseren Projektpartnern in eine sch\u00fctzende Fahrzeugleichtbaufrontmaske integriert.<\/p><p>Das Forschungsfahrzeug ist mit zus\u00e4tzlichen Umgebungssensoren sowie umfangreicher Rechen- und Messtechnik ausgestattet. W\u00e4hrend des automatisierten Testbetriebs wird eine Datenbank mit realen Szenarien aufgebaut, die der gesamten Forschungsgemeinschaft im Sinne des Open Data Prinzips zur Verf\u00fcgung gestellt wird. Diese offen zug\u00e4ngliche Datenbank bietet eine wertvolle Grundlage f\u00fcr die Entwicklung und Absicherung automatisierter Fahrfunktionen im bislang vernachl\u00e4ssigten l\u00e4ndlichen Raum.<\/p>\t\t\t\t\t\t<\/div>\n\t\t\t\t<\/div>\n\t\t\t\t<\/div>\n\t\t\t\t<\/div>\n\t\t\t\t<\/div>\n\t\t","protected":false},"excerpt":{"rendered":"<p>WALEMO Vision Autonomes Fahren im l\u00e4ndlichen Raum? Keine Fiktion, bald wird es Realit\u00e4t! Wir widmen uns der Entwicklung fortschrittlicher Technologien, welche die Reife und den Einsatz autonomer Fahrzeuge im l\u00e4ndlichen Raum vorantreiben. In einem global vernetzten Kommunikationsnetzwerk m\u00f6chten wir den privaten Individualverkehr entlasten und die Mobilit\u00e4t zwischen Wohnorten, Arbeitspl\u00e4tzen, Bildungseinrichtungen und medizinischer Versorgung nachhaltig verbessern. [&hellip;]<\/p>\n","protected":false},"author":1,"featured_media":0,"parent":0,"menu_order":0,"comment_status":"closed","ping_status":"closed","template":"elementor_header_footer","meta":{"footnotes":""},"class_list":["post-215","page","type-page","status-publish","hentry"],"_links":{"self":[{"href":"https:\/\/walemo.de\/index.php?rest_route=\/wp\/v2\/pages\/215","targetHints":{"allow":["GET"]}}],"collection":[{"href":"https:\/\/walemo.de\/index.php?rest_route=\/wp\/v2\/pages"}],"about":[{"href":"https:\/\/walemo.de\/index.php?rest_route=\/wp\/v2\/types\/page"}],"author":[{"embeddable":true,"href":"https:\/\/walemo.de\/index.php?rest_route=\/wp\/v2\/users\/1"}],"replies":[{"embeddable":true,"href":"https:\/\/walemo.de\/index.php?rest_route=%2Fwp%2Fv2%2Fcomments&post=215"}],"version-history":[{"count":181,"href":"https:\/\/walemo.de\/index.php?rest_route=\/wp\/v2\/pages\/215\/revisions"}],"predecessor-version":[{"id":2038,"href":"https:\/\/walemo.de\/index.php?rest_route=\/wp\/v2\/pages\/215\/revisions\/2038"}],"wp:attachment":[{"href":"https:\/\/walemo.de\/index.php?rest_route=%2Fwp%2Fv2%2Fmedia&parent=215"}],"curies":[{"name":"wp","href":"https:\/\/api.w.org\/{rel}","templated":true}]}}