{"id":173,"date":"2024-06-11T13:57:40","date_gmt":"2024-06-11T11:57:40","guid":{"rendered":"https:\/\/websites.fraunhofer.de\/walemo\/?page_id=173"},"modified":"2025-07-23T13:07:37","modified_gmt":"2025-07-23T11:07:37","slug":"aktuelles","status":"publish","type":"page","link":"https:\/\/walemo.de\/?page_id=173","title":{"rendered":"Aktuelles"},"content":{"rendered":"\t\t<div data-elementor-type=\"wp-page\" data-elementor-id=\"173\" class=\"elementor elementor-173\" data-elementor-post-type=\"page\">\n\t\t\t\t<div class=\"elementor-element elementor-element-63d52d01 e-con-full e-flex e-con e-parent\" data-id=\"63d52d01\" data-element_type=\"container\">\n\t\t<div class=\"elementor-element elementor-element-7112cbc4 e-con-full e-flex e-con e-child\" data-id=\"7112cbc4\" data-element_type=\"container\" data-settings=\"{&quot;background_background&quot;:&quot;classic&quot;}\">\n\t\t\t\t<div class=\"elementor-element elementor-element-175dec74 elementor-widget elementor-widget-heading\" data-id=\"175dec74\" data-element_type=\"widget\" data-widget_type=\"heading.default\">\n\t\t\t\t<div class=\"elementor-widget-container\">\n\t\t\t<style>\/*! elementor - v3.21.0 - 26-05-2024 *\/\n.elementor-heading-title{padding:0;margin:0;line-height:1}.elementor-widget-heading .elementor-heading-title[class*=elementor-size-]>a{color:inherit;font-size:inherit;line-height:inherit}.elementor-widget-heading .elementor-heading-title.elementor-size-small{font-size:15px}.elementor-widget-heading .elementor-heading-title.elementor-size-medium{font-size:19px}.elementor-widget-heading .elementor-heading-title.elementor-size-large{font-size:29px}.elementor-widget-heading .elementor-heading-title.elementor-size-xl{font-size:39px}.elementor-widget-heading .elementor-heading-title.elementor-size-xxl{font-size:59px}<\/style><h1 class=\"elementor-heading-title elementor-size-default\">Aktuelles<\/h1>\t\t<\/div>\n\t\t\t\t<\/div>\n\t\t\t\t<div class=\"elementor-element elementor-element-1b9f0465 elementor-widget__width-inherit elementor-hidden-mobile elementor-widget elementor-widget-text-editor\" data-id=\"1b9f0465\" data-element_type=\"widget\" data-widget_type=\"text-editor.default\">\n\t\t\t\t<div class=\"elementor-widget-container\">\n\t\t\t<style>\/*! elementor - v3.21.0 - 26-05-2024 *\/\n.elementor-widget-text-editor.elementor-drop-cap-view-stacked .elementor-drop-cap{background-color:#69727d;color:#fff}.elementor-widget-text-editor.elementor-drop-cap-view-framed .elementor-drop-cap{color:#69727d;border:3px solid;background-color:transparent}.elementor-widget-text-editor:not(.elementor-drop-cap-view-default) .elementor-drop-cap{margin-top:8px}.elementor-widget-text-editor:not(.elementor-drop-cap-view-default) .elementor-drop-cap-letter{width:1em;height:1em}.elementor-widget-text-editor .elementor-drop-cap{float:left;text-align:center;line-height:1;font-size:50px}.elementor-widget-text-editor .elementor-drop-cap-letter{display:inline-block}<\/style>\t\t\t\tWillkommen auf unserer Webseite mit regelm\u00e4\u00dfigen Updates und Beitr\u00e4gen zu unserem WALEMO Projekt\t\t\t\t\t\t<\/div>\n\t\t\t\t<\/div>\n\t\t\t\t<\/div>\n\t\t\t\t<\/div>\n\t\t<div class=\"elementor-element elementor-element-1c56d2df e-flex e-con-boxed e-con e-parent\" data-id=\"1c56d2df\" data-element_type=\"container\">\n\t\t\t\t\t<div class=\"e-con-inner\">\n\t\t\t\t<div class=\"elementor-element elementor-element-61c697ab elementor-posts__hover-none elementor-grid-3 elementor-grid-tablet-2 elementor-grid-mobile-1 elementor-posts--thumbnail-top elementor-widget elementor-widget-posts\" data-id=\"61c697ab\" data-element_type=\"widget\" data-settings=\"{&quot;cards_row_gap&quot;:{&quot;unit&quot;:&quot;px&quot;,&quot;size&quot;:80,&quot;sizes&quot;:[]},&quot;cards_row_gap_tablet&quot;:{&quot;unit&quot;:&quot;px&quot;,&quot;size&quot;:71,&quot;sizes&quot;:[]},&quot;cards_row_gap_mobile&quot;:{&quot;unit&quot;:&quot;px&quot;,&quot;size&quot;:30,&quot;sizes&quot;:[]},&quot;pagination_type&quot;:&quot;numbers_and_prev_next&quot;,&quot;cards_columns&quot;:&quot;3&quot;,&quot;cards_columns_tablet&quot;:&quot;2&quot;,&quot;cards_columns_mobile&quot;:&quot;1&quot;}\" data-widget_type=\"posts.cards\">\n\t\t\t\t<div class=\"elementor-widget-container\">\n\t\t\t<link rel=\"stylesheet\" href=\"https:\/\/walemo.de\/wp-content\/plugins\/elementor-pro\/assets\/css\/widget-posts.min.css\">\t\t<div class=\"elementor-posts-container elementor-posts elementor-posts--skin-cards elementor-grid\">\n\t\t\t\t<article class=\"elementor-post elementor-grid-item post-2028 post type-post status-publish format-standard has-post-thumbnail hentry category-allgemein\">\n\t\t\t<div class=\"elementor-post__card\">\n\t\t\t\t<a class=\"elementor-post__thumbnail__link\" href=\"https:\/\/walemo.de\/?p=2028\" tabindex=\"-1\" ><div class=\"elementor-post__thumbnail\"><img fetchpriority=\"high\" decoding=\"async\" width=\"1554\" height=\"979\" src=\"https:\/\/walemo.de\/wp-content\/uploads\/2025\/11\/Smarte-Regionen-Sachsen.png\" class=\"attachment-full size-full wp-image-2029\" alt=\"\" srcset=\"https:\/\/walemo.de\/wp-content\/uploads\/2025\/11\/Smarte-Regionen-Sachsen.png 1554w, https:\/\/walemo.de\/wp-content\/uploads\/2025\/11\/Smarte-Regionen-Sachsen-300x189.png 300w, https:\/\/walemo.de\/wp-content\/uploads\/2025\/11\/Smarte-Regionen-Sachsen-1024x645.png 1024w, https:\/\/walemo.de\/wp-content\/uploads\/2025\/11\/Smarte-Regionen-Sachsen-768x484.png 768w, https:\/\/walemo.de\/wp-content\/uploads\/2025\/11\/Smarte-Regionen-Sachsen-1536x968.png 1536w\" sizes=\"(max-width: 1554px) 100vw, 1554px\" \/><\/div><\/a>\n\t\t\t\t<div class=\"elementor-post__text\">\n\t\t\t\t<h4 class=\"elementor-post__title\">\n\t\t\t<a href=\"https:\/\/walemo.de\/?p=2028\" >\n\t\t\t\tWALEMO \u2013 Ein innovatives Projekt f\u00fcr smarte Regionen\t\t\t<\/a>\n\t\t<\/h4>\n\t\t\t\t<div class=\"elementor-post__excerpt\">\n\t\t\t<p>Das Projekt WALEMO wurde als herausragendes Beispiel auf dem Smarte<\/p>\n\t\t<\/div>\n\t\t\n\t\t<a class=\"elementor-post__read-more\" href=\"https:\/\/walemo.de\/?p=2028\" aria-label=\"Mehr \u00fcber WALEMO \u2013 Ein innovatives Projekt f\u00fcr smarte Regionen\" tabindex=\"-1\" >\n\t\t\tMehr lesen\t\t<\/a>\n\n\t\t\t\t<\/div>\n\t\t\t\t\t<\/div>\n\t\t<\/article>\n\t\t\t\t<article class=\"elementor-post elementor-grid-item post-1996 post type-post status-publish format-standard has-post-thumbnail hentry category-allgemein\">\n\t\t\t<div class=\"elementor-post__card\">\n\t\t\t\t<a class=\"elementor-post__thumbnail__link\" href=\"https:\/\/walemo.de\/?p=1996\" tabindex=\"-1\" ><div class=\"elementor-post__thumbnail\"><img decoding=\"async\" width=\"1081\" height=\"540\" src=\"https:\/\/walemo.de\/wp-content\/uploads\/2025\/10\/Screenshot-Kurzfilm.png\" class=\"attachment-full size-full wp-image-1998\" alt=\"\" srcset=\"https:\/\/walemo.de\/wp-content\/uploads\/2025\/10\/Screenshot-Kurzfilm.png 1081w, https:\/\/walemo.de\/wp-content\/uploads\/2025\/10\/Screenshot-Kurzfilm-300x150.png 300w, https:\/\/walemo.de\/wp-content\/uploads\/2025\/10\/Screenshot-Kurzfilm-1024x512.png 1024w, https:\/\/walemo.de\/wp-content\/uploads\/2025\/10\/Screenshot-Kurzfilm-768x384.png 768w\" sizes=\"(max-width: 1081px) 100vw, 1081px\" \/><\/div><\/a>\n\t\t\t\t<div class=\"elementor-post__text\">\n\t\t\t\t<h4 class=\"elementor-post__title\">\n\t\t\t<a href=\"https:\/\/walemo.de\/?p=1996\" >\n\t\t\t\tWALEMO-Shuttle im Regelbetrieb\t\t\t<\/a>\n\t\t<\/h4>\n\t\t\t\t<div class=\"elementor-post__excerpt\">\n\t\t\t<p>Seit dem 4.Juli.2025 f\u00e4hrt das WALEMO-Shuttle regelm\u00e4\u00dfig auf der Strecke<\/p>\n\t\t<\/div>\n\t\t\n\t\t<a class=\"elementor-post__read-more\" href=\"https:\/\/walemo.de\/?p=1996\" aria-label=\"Mehr \u00fcber WALEMO-Shuttle im Regelbetrieb\" tabindex=\"-1\" >\n\t\t\tMehr lesen\t\t<\/a>\n\n\t\t\t\t<\/div>\n\t\t\t\t\t<\/div>\n\t\t<\/article>\n\t\t\t\t<article class=\"elementor-post elementor-grid-item post-1944 post type-post status-publish format-standard has-post-thumbnail hentry category-allgemein\">\n\t\t\t<div class=\"elementor-post__card\">\n\t\t\t\t<a class=\"elementor-post__thumbnail__link\" href=\"https:\/\/walemo.de\/?p=1944\" tabindex=\"-1\" ><div class=\"elementor-post__thumbnail\"><img decoding=\"async\" width=\"750\" height=\"585\" src=\"https:\/\/walemo.de\/wp-content\/uploads\/2025\/09\/26.09.25_vhs.png\" class=\"attachment-full size-full wp-image-1951\" alt=\"\" srcset=\"https:\/\/walemo.de\/wp-content\/uploads\/2025\/09\/26.09.25_vhs.png 750w, https:\/\/walemo.de\/wp-content\/uploads\/2025\/09\/26.09.25_vhs-300x234.png 300w\" sizes=\"(max-width: 750px) 100vw, 750px\" \/><\/div><\/a>\n\t\t\t\t<div class=\"elementor-post__text\">\n\t\t\t\t<h4 class=\"elementor-post__title\">\n\t\t\t<a href=\"https:\/\/walemo.de\/?p=1944\" >\n\t\t\t\tEinsteigen bitte! \u2013 Die Zukunft des \u00d6PNV im l\u00e4ndlichen Raum &#8211; Veranstaltungen der Volkshochschule Dreil\u00e4ndereck\t\t\t<\/a>\n\t\t<\/h4>\n\t\t\t\t<div class=\"elementor-post__excerpt\">\n\t\t\t<p>Die Veranstaltungen k\u00f6nnen direkt \u00fcber die\u00a0Volkshochschule\u00a0gebucht werden. Wir hei\u00dfen Sie<\/p>\n\t\t<\/div>\n\t\t\n\t\t<a class=\"elementor-post__read-more\" href=\"https:\/\/walemo.de\/?p=1944\" aria-label=\"Mehr \u00fcber Einsteigen bitte! \u2013 Die Zukunft des \u00d6PNV im l\u00e4ndlichen Raum &#8211; Veranstaltungen der Volkshochschule Dreil\u00e4ndereck\" tabindex=\"-1\" >\n\t\t\tMehr lesen\t\t<\/a>\n\n\t\t\t\t<\/div>\n\t\t\t\t\t<\/div>\n\t\t<\/article>\n\t\t\t\t<article class=\"elementor-post elementor-grid-item post-1939 post type-post status-publish format-standard has-post-thumbnail hentry category-allgemein\">\n\t\t\t<div class=\"elementor-post__card\">\n\t\t\t\t<a class=\"elementor-post__thumbnail__link\" href=\"https:\/\/walemo.de\/?p=1939\" tabindex=\"-1\" ><div class=\"elementor-post__thumbnail\"><img loading=\"lazy\" decoding=\"async\" width=\"1500\" height=\"1500\" src=\"https:\/\/walemo.de\/wp-content\/uploads\/2024\/12\/walemo_250822_2.jpg\" class=\"attachment-full size-full wp-image-1928\" alt=\"\" srcset=\"https:\/\/walemo.de\/wp-content\/uploads\/2024\/12\/walemo_250822_2.jpg 1500w, https:\/\/walemo.de\/wp-content\/uploads\/2024\/12\/walemo_250822_2-300x300.jpg 300w, https:\/\/walemo.de\/wp-content\/uploads\/2024\/12\/walemo_250822_2-1024x1024.jpg 1024w, https:\/\/walemo.de\/wp-content\/uploads\/2024\/12\/walemo_250822_2-150x150.jpg 150w, https:\/\/walemo.de\/wp-content\/uploads\/2024\/12\/walemo_250822_2-768x768.jpg 768w\" sizes=\"(max-width: 1500px) 100vw, 1500px\" \/><\/div><\/a>\n\t\t\t\t<div class=\"elementor-post__text\">\n\t\t\t\t<h4 class=\"elementor-post__title\">\n\t\t\t<a href=\"https:\/\/walemo.de\/?p=1939\" >\n\t\t\t\tTreffen mit der Staatsministerin Fr. Kraushaar in Klitten\t\t\t<\/a>\n\t\t<\/h4>\n\t\t\t\t<div class=\"elementor-post__excerpt\">\n\t\t\t<p>Am 22. August 2025 durften wir Staatsministerin Regina Kraushaar sowie<\/p>\n\t\t<\/div>\n\t\t\n\t\t<a class=\"elementor-post__read-more\" href=\"https:\/\/walemo.de\/?p=1939\" aria-label=\"Mehr \u00fcber Treffen mit der Staatsministerin Fr. Kraushaar in Klitten\" tabindex=\"-1\" >\n\t\t\tMehr lesen\t\t<\/a>\n\n\t\t\t\t<\/div>\n\t\t\t\t\t<\/div>\n\t\t<\/article>\n\t\t\t\t<article class=\"elementor-post elementor-grid-item post-1793 post type-post status-publish format-standard has-post-thumbnail hentry category-allgemein\">\n\t\t\t<div class=\"elementor-post__card\">\n\t\t\t\t<a class=\"elementor-post__thumbnail__link\" href=\"https:\/\/walemo.de\/?p=1793\" tabindex=\"-1\" ><div class=\"elementor-post__thumbnail\"><img loading=\"lazy\" decoding=\"async\" width=\"946\" height=\"475\" src=\"https:\/\/walemo.de\/wp-content\/uploads\/2025\/07\/Beitrag-MDR2.png\" class=\"attachment-full size-full wp-image-1818\" alt=\"\" srcset=\"https:\/\/walemo.de\/wp-content\/uploads\/2025\/07\/Beitrag-MDR2.png 946w, https:\/\/walemo.de\/wp-content\/uploads\/2025\/07\/Beitrag-MDR2-300x151.png 300w, https:\/\/walemo.de\/wp-content\/uploads\/2025\/07\/Beitrag-MDR2-768x386.png 768w\" sizes=\"(max-width: 946px) 100vw, 946px\" \/><\/div><\/a>\n\t\t\t\t<div class=\"elementor-post__text\">\n\t\t\t\t<h4 class=\"elementor-post__title\">\n\t\t\t<a href=\"https:\/\/walemo.de\/?p=1793\" >\n\t\t\t\tBeitrag vom MDR Sachsenspiegel\t\t\t<\/a>\n\t\t<\/h4>\n\t\t\t\t<div class=\"elementor-post__excerpt\">\n\t\t\t<p>Der autonome Bus f\u00e4hrt t\u00e4glich G\u00e4ste zum B\u00e4rwelder See. Der<\/p>\n\t\t<\/div>\n\t\t\n\t\t<a class=\"elementor-post__read-more\" href=\"https:\/\/walemo.de\/?p=1793\" aria-label=\"Mehr \u00fcber Beitrag vom MDR Sachsenspiegel\" tabindex=\"-1\" >\n\t\t\tMehr lesen\t\t<\/a>\n\n\t\t\t\t<\/div>\n\t\t\t\t\t<\/div>\n\t\t<\/article>\n\t\t\t\t<article class=\"elementor-post elementor-grid-item post-1640 post type-post status-publish format-standard has-post-thumbnail hentry category-allgemein\">\n\t\t\t<div class=\"elementor-post__card\">\n\t\t\t\t<a class=\"elementor-post__thumbnail__link\" href=\"https:\/\/walemo.de\/?p=1640\" tabindex=\"-1\" ><div class=\"elementor-post__thumbnail\"><img loading=\"lazy\" decoding=\"async\" width=\"2560\" height=\"1922\" src=\"https:\/\/walemo.de\/wp-content\/uploads\/2025\/03\/Walemo-Website_Umfrage.jpg\" class=\"attachment-full size-full wp-image-1641\" alt=\"\" srcset=\"https:\/\/walemo.de\/wp-content\/uploads\/2025\/03\/Walemo-Website_Umfrage.jpg 2560w, https:\/\/walemo.de\/wp-content\/uploads\/2025\/03\/Walemo-Website_Umfrage-300x225.jpg 300w, https:\/\/walemo.de\/wp-content\/uploads\/2025\/03\/Walemo-Website_Umfrage-1024x769.jpg 1024w, https:\/\/walemo.de\/wp-content\/uploads\/2025\/03\/Walemo-Website_Umfrage-768x577.jpg 768w, https:\/\/walemo.de\/wp-content\/uploads\/2025\/03\/Walemo-Website_Umfrage-1536x1153.jpg 1536w, https:\/\/walemo.de\/wp-content\/uploads\/2025\/03\/Walemo-Website_Umfrage-2048x1538.jpg 2048w\" sizes=\"(max-width: 2560px) 100vw, 2560px\" \/><\/div><\/a>\n\t\t\t\t<div class=\"elementor-post__text\">\n\t\t\t\t<h4 class=\"elementor-post__title\">\n\t\t\t<a href=\"https:\/\/walemo.de\/?p=1640\" >\n\t\t\t\tUmfrage zur Zukunft der Mobilit\u00e4t in der Lausitz\t\t\t<\/a>\n\t\t<\/h4>\n\t\t\t\t<div class=\"elementor-post__excerpt\">\n\t\t\t<p>Im Rahmen des Forschungsprojekts WALEMObase werden autonome Shuttles als innovative<\/p>\n\t\t<\/div>\n\t\t\n\t\t<a class=\"elementor-post__read-more\" href=\"https:\/\/walemo.de\/?p=1640\" aria-label=\"Mehr \u00fcber Umfrage zur Zukunft der Mobilit\u00e4t in der Lausitz\" tabindex=\"-1\" >\n\t\t\tMehr lesen\t\t<\/a>\n\n\t\t\t\t<\/div>\n\t\t\t\t\t<\/div>\n\t\t<\/article>\n\t\t\t\t<\/div>\n\t\t\n\t\t\t\t<div class=\"e-load-more-anchor\" data-page=\"1\" data-max-page=\"3\" data-next-page=\"https:\/\/walemo.de\/index.php?rest_route=%2Fwp%2Fv2%2Fpages%2F173&#038;paged=2\"><\/div>\n\t\t\t\t<nav class=\"elementor-pagination\" aria-label=\"Seitennummerierung\">\n\t\t\t<span class=\"page-numbers prev\">&laquo; Vorherige<\/span>\n<span aria-current=\"page\" class=\"page-numbers current\"><span class=\"elementor-screen-only\">Seite<\/span>1<\/span>\n<a class=\"page-numbers\" href=\"https:\/\/walemo.de\/index.php\/?paged=2\"><span class=\"elementor-screen-only\">Seite<\/span>2<\/a>\n<a class=\"page-numbers next\" href=\"https:\/\/walemo.de\/index.php?rest_route=%2Fwp%2Fv2%2Fpages%2F173&#038;paged=2\">N\u00e4chste &raquo;<\/a>\t\t<\/nav>\n\t\t\t\t<\/div>\n\t\t\t\t<\/div>\n\t\t\t\t\t<\/div>\n\t\t\t\t<\/div>\n\t\t<footer class=\"elementor-element elementor-element-f2939ef e-flex e-con-boxed e-con e-parent\" data-id=\"f2939ef\" data-element_type=\"container\" data-settings=\"{&quot;background_background&quot;:&quot;slideshow&quot;,&quot;background_slideshow_gallery&quot;:[{&quot;id&quot;:328,&quot;url&quot;:&quot;https:\\\/\\\/walemo.de\\\/wp-content\\\/uploads\\\/2024\\\/06\\\/Verlauf22.jpg&quot;}],&quot;background_slideshow_loop&quot;:&quot;yes&quot;,&quot;background_slideshow_slide_duration&quot;:5000,&quot;background_slideshow_slide_transition&quot;:&quot;fade&quot;,&quot;background_slideshow_transition_duration&quot;:500}\">\n\t\t\t\t\t<div class=\"e-con-inner\">\n\t\t\t\t<div class=\"elementor-element elementor-element-47cce28 elementor-widget elementor-widget-heading\" data-id=\"47cce28\" data-element_type=\"widget\" data-widget_type=\"heading.default\">\n\t\t\t\t<div class=\"elementor-widget-container\">\n\t\t\t<h2 class=\"elementor-heading-title elementor-size-default\">Medienauftritte<\/h2>\t\t<\/div>\n\t\t\t\t<\/div>\n\t\t\t\t<div class=\"elementor-element elementor-element-78aae79 elementor-widget__width-initial elementor-widget-tablet__width-inherit elementor-widget elementor-widget-text-editor\" data-id=\"78aae79\" data-element_type=\"widget\" data-widget_type=\"text-editor.default\">\n\t\t\t\t<div class=\"elementor-widget-container\">\n\t\t\t\t\t\t\t<p>Wir wurden in folgenden Medien erw\u00e4hnt:<\/p>\t\t\t\t\t\t<\/div>\n\t\t\t\t<\/div>\n\t\t\t\t<div class=\"elementor-element elementor-element-7846b88 elementor-widget__width-inherit elementor-skin-carousel elementor-arrows-yes elementor-widget elementor-widget-media-carousel\" data-id=\"7846b88\" data-element_type=\"widget\" data-settings=\"{&quot;slides_per_view&quot;:&quot;5&quot;,&quot;slides_to_scroll&quot;:&quot;1&quot;,&quot;space_between&quot;:{&quot;unit&quot;:&quot;px&quot;,&quot;size&quot;:18,&quot;sizes&quot;:[]},&quot;slides_per_view_tablet&quot;:&quot;4&quot;,&quot;slides_per_view_mobile&quot;:&quot;1&quot;,&quot;autoplay_speed&quot;:3000,&quot;skin&quot;:&quot;carousel&quot;,&quot;effect&quot;:&quot;slide&quot;,&quot;show_arrows&quot;:&quot;yes&quot;,&quot;speed&quot;:500,&quot;autoplay&quot;:&quot;yes&quot;,&quot;loop&quot;:&quot;yes&quot;,&quot;pause_on_hover&quot;:&quot;yes&quot;,&quot;pause_on_interaction&quot;:&quot;yes&quot;,&quot;space_between_tablet&quot;:{&quot;unit&quot;:&quot;px&quot;,&quot;size&quot;:10,&quot;sizes&quot;:[]},&quot;space_between_mobile&quot;:{&quot;unit&quot;:&quot;px&quot;,&quot;size&quot;:10,&quot;sizes&quot;:[]}}\" data-widget_type=\"media-carousel.default\">\n\t\t\t\t<div class=\"elementor-widget-container\">\n\t\t\t<link rel=\"stylesheet\" href=\"https:\/\/walemo.de\/wp-content\/plugins\/elementor-pro\/assets\/css\/widget-carousel.min.css\">\t\t<div class=\"elementor-swiper\">\n\t\t\t<div class=\"elementor-main-swiper swiper\">\n\t\t\t\t<div class=\"swiper-wrapper\">\n\t\t\t\t\t\t\t\t\t\t\t<div class=\"swiper-slide\">\n\t\t\t\t\t\t\t<a href=\"https:\/\/walemo.de\/wp-content\/uploads\/2024\/09\/article-6041504.pdf\" target=\"_blank\">\t\t<div class=\"elementor-carousel-image\" role=\"img\" aria-label=\"Der automatiesierte Kleinbus ist da_08.09.24\" style=\"background-image: url(&#039;https:\/\/walemo.de\/wp-content\/uploads\/2024\/09\/Der-automatiesierte-Kleinbus-ist-da_08.09.24.png&#039;)\">\n\n\t\t\t\n\t\t\t\t\t<\/div>\n\t\t<\/a>\t\t\t\t\t\t<\/div>\n\t\t\t\t\t\t\t\t\t\t\t<div class=\"swiper-slide\">\n\t\t\t\t\t\t\t<a href=\"https:\/\/www.saechsische.de\/zittau\/zittau-dresden-klitten-walemo-fraunhofer-fahrzeug-6020831-plus.html\" target=\"_blank\">\t\t<div class=\"elementor-carousel-image\" role=\"img\" aria-label=\"Screenshot (639)e\" style=\"background-image: url(&#039;https:\/\/walemo.de\/wp-content\/uploads\/2024\/08\/Screenshot-639e.png&#039;)\">\n\n\t\t\t\n\t\t\t\t\t<\/div>\n\t\t<\/a>\t\t\t\t\t\t<\/div>\n\t\t\t\t\t\t\t\t\t\t\t<div class=\"swiper-slide\">\n\t\t\t\t\t\t\t<a href=\"https:\/\/walemo.de\/wp-content\/uploads\/2024\/06\/ZVON_LinienKURIER_05_2024.pdf\" target=\"_blank\">\t\t<div class=\"elementor-carousel-image\" role=\"img\" aria-label=\"Screenshot (617)a\" style=\"background-image: url(&#039;https:\/\/walemo.de\/wp-content\/uploads\/2024\/08\/Screenshot-617a.png&#039;)\">\n\n\t\t\t\n\t\t\t\t\t<\/div>\n\t\t<\/a>\t\t\t\t\t\t<\/div>\n\t\t\t\t\t\t\t\t\t\t\t<div class=\"swiper-slide\">\n\t\t\t\t\t\t\t<a href=\"https:\/\/www.lr-online.de\/lausitz\/weisswasser\/autonomes-fahren-selbstfahrbus-am-baerwalder-see-_-wie-es-mit-dem-projekt-weitergeht-73566813.html\" target=\"_blank\">\t\t<div class=\"elementor-carousel-image\" role=\"img\" aria-label=\"Screenshot (636)b\" style=\"background-image: url(&#039;https:\/\/walemo.de\/wp-content\/uploads\/2024\/08\/Screenshot-636b.png&#039;)\">\n\n\t\t\t\n\t\t\t\t\t<\/div>\n\t\t<\/a>\t\t\t\t\t\t<\/div>\n\t\t\t\t\t\t\t\t\t\t\t<div class=\"swiper-slide\">\n\t\t\t\t\t\t\t<a href=\"https:\/\/walemo.de\/wp-content\/uploads\/2024\/06\/hoyerswerda-2023-12-0515.pdf\" target=\"_blank\">\t\t<div class=\"elementor-carousel-image\" role=\"img\" aria-label=\"Screenshot (587)\" style=\"background-image: url(&#039;https:\/\/walemo.de\/wp-content\/uploads\/2024\/06\/Screenshot-587.png&#039;)\">\n\n\t\t\t\n\t\t\t\t\t<\/div>\n\t\t<\/a>\t\t\t\t\t\t<\/div>\n\t\t\t\t\t\t\t\t\t\t\t<div class=\"swiper-slide\">\n\t\t\t\t\t\t\t<a href=\"https:\/\/www.lr-online.de\/lausitz\/weisswasser\/autonomes-fahren-selbstfahrbus-am-baerwalder-see-_-so-soll-er-zum-einsteigen-verleiten-72386635.html\" target=\"_blank\">\t\t<div class=\"elementor-carousel-image\" role=\"img\" aria-label=\"Screenshot (637)c\" style=\"background-image: url(&#039;https:\/\/walemo.de\/wp-content\/uploads\/2024\/08\/Screenshot-637c.png&#039;)\">\n\n\t\t\t\n\t\t\t\t\t<\/div>\n\t\t<\/a>\t\t\t\t\t\t<\/div>\n\t\t\t\t\t\t\t\t\t\t\t<div class=\"swiper-slide\">\n\t\t\t\t\t\t\t<a href=\"https:\/\/www.lr-online.de\/lausitz\/weisswasser\/oepnv-in-sachsen-diese-projekte-sollen-laendlichen-raum-besser-ans-bus-und-bahn-netz-anbinden-72268257.html\" target=\"_blank\">\t\t<div class=\"elementor-carousel-image\" role=\"img\" aria-label=\"Screenshot (638)d\" style=\"background-image: url(&#039;https:\/\/walemo.de\/wp-content\/uploads\/2024\/08\/Screenshot-638d.png&#039;)\">\n\n\t\t\t\n\t\t\t\t\t<\/div>\n\t\t<\/a>\t\t\t\t\t\t<\/div>\n\t\t\t\t\t\t\t\t\t\t\t<div class=\"swiper-slide\">\n\t\t\t\t\t\t\t<a href=\"https:\/\/www.saechsische.de\/mobilitaetskompass\/oepnv-zukunft-vision-zvon-lausitz-bautzen-goerlitz-walemo-bus-zug-automatisiert-autonom-elektrifizierung-5910223.html\" target=\"_blank\">\t\t<div class=\"elementor-carousel-image\" role=\"img\" aria-label=\"Screenshot (615)a\" style=\"background-image: url(&#039;https:\/\/walemo.de\/wp-content\/uploads\/2024\/08\/Screenshot-615a.png&#039;)\">\n\n\t\t\t\n\t\t\t\t\t<\/div>\n\t\t<\/a>\t\t\t\t\t\t<\/div>\n\t\t\t\t\t\t\t\t\t\t\t<div class=\"swiper-slide\">\n\t\t\t\t\t\t\t<a href=\"https:\/\/walemo.de\/wp-content\/uploads\/2024\/06\/o-ton_03-2023_screen.pdf#page=26\" target=\"_blank\">\t\t<div class=\"elementor-carousel-image\" role=\"img\" aria-label=\"Screenshot (616)a\" style=\"background-image: url(&#039;https:\/\/walemo.de\/wp-content\/uploads\/2024\/08\/Screenshot-616a.png&#039;)\">\n\n\t\t\t\n\t\t\t\t\t<\/div>\n\t\t<\/a>\t\t\t\t\t\t<\/div>\n\t\t\t\t\t\t\t\t\t\t\t<div class=\"swiper-slide\">\n\t\t\t\t\t\t\t<a href=\"https:\/\/www.radiolausitz.de\/beitrag\/autonomes-fahren-am-baerwalder-see-ab-mai-im-linienbetrieb-862390\/\">\t\t<div class=\"elementor-carousel-image\" role=\"img\" aria-label=\"Radio Lausitz Betrag WALEMO\" style=\"background-image: url(&#039;https:\/\/walemo.de\/wp-content\/uploads\/2025\/04\/Radio-Lausitz-Betrag-WALEMO.png&#039;)\">\n\n\t\t\t\n\t\t\t\t\t<\/div>\n\t\t<\/a>\t\t\t\t\t\t<\/div>\n\t\t\t\t\t\t\t\t\t<\/div>\n\t\t\t\t\t\t\t\t\t\t\t\t\t\t\t\t\t\t\t\t<div class=\"elementor-swiper-button elementor-swiper-button-prev\" role=\"button\" tabindex=\"0\">\n\t\t\t\t\t\t\t<svg aria-hidden=\"true\" class=\"e-font-icon-svg e-eicon-chevron-left\" viewBox=\"0 0 1000 1000\" xmlns=\"http:\/\/www.w3.org\/2000\/svg\"><path d=\"M646 125C629 125 613 133 604 142L308 442C296 454 292 471 292 487 292 504 296 521 308 533L604 854C617 867 629 875 646 875 663 875 679 871 692 858 704 846 713 829 713 812 713 796 708 779 692 767L438 487 692 225C700 217 708 204 708 187 708 171 704 154 692 142 675 129 663 125 646 125Z\"><\/path><\/svg>\t\t\t\t\t\t\t<span class=\"elementor-screen-only\">Voriger<\/span>\n\t\t\t\t\t\t<\/div>\n\t\t\t\t\t\t<div class=\"elementor-swiper-button elementor-swiper-button-next\" role=\"button\" tabindex=\"0\">\n\t\t\t\t\t\t\t<svg aria-hidden=\"true\" class=\"e-font-icon-svg e-eicon-chevron-right\" viewBox=\"0 0 1000 1000\" xmlns=\"http:\/\/www.w3.org\/2000\/svg\"><path d=\"M696 533C708 521 713 504 713 487 713 471 708 454 696 446L400 146C388 133 375 125 354 125 338 125 325 129 313 142 300 154 292 171 292 187 292 204 296 221 308 233L563 492 304 771C292 783 288 800 288 817 288 833 296 850 308 863 321 871 338 875 354 875 371 875 388 867 400 854L696 533Z\"><\/path><\/svg>\t\t\t\t\t\t\t<span class=\"elementor-screen-only\">N\u00e4chster<\/span>\n\t\t\t\t\t\t<\/div>\n\t\t\t\t\t\t\t\t\t\t\t\t<\/div>\n\t\t<\/div>\n\t\t\t\t<\/div>\n\t\t\t\t<\/div>\n\t\t\t\t\t<\/div>\n\t\t\t\t<\/footer>\n\t\t\t\t<\/div>\n\t\t","protected":false},"excerpt":{"rendered":"<p>Aktuelles Medienauftritte Wir wurden in folgenden Medien erw\u00e4hnt: Voriger N\u00e4chster<\/p>\n","protected":false},"author":1,"featured_media":0,"parent":0,"menu_order":0,"comment_status":"closed","ping_status":"closed","template":"elementor_header_footer","meta":{"footnotes":""},"class_list":["post-173","page","type-page","status-publish","hentry"],"_links":{"self":[{"href":"https:\/\/walemo.de\/index.php?rest_route=\/wp\/v2\/pages\/173","targetHints":{"allow":["GET"]}}],"collection":[{"href":"https:\/\/walemo.de\/index.php?rest_route=\/wp\/v2\/pages"}],"about":[{"href":"https:\/\/walemo.de\/index.php?rest_route=\/wp\/v2\/types\/page"}],"author":[{"embeddable":true,"href":"https:\/\/walemo.de\/index.php?rest_route=\/wp\/v2\/users\/1"}],"replies":[{"embeddable":true,"href":"https:\/\/walemo.de\/index.php?rest_route=%2Fwp%2Fv2%2Fcomments&post=173"}],"version-history":[{"count":218,"href":"https:\/\/walemo.de\/index.php?rest_route=\/wp\/v2\/pages\/173\/revisions"}],"predecessor-version":[{"id":1764,"href":"https:\/\/walemo.de\/index.php?rest_route=\/wp\/v2\/pages\/173\/revisions\/1764"}],"wp:attachment":[{"href":"https:\/\/walemo.de\/index.php?rest_route=%2Fwp%2Fv2%2Fmedia&parent=173"}],"curies":[{"name":"wp","href":"https:\/\/api.w.org\/{rel}","templated":true}]}}